{"id":2436,"date":"2016-06-23T11:12:53","date_gmt":"2016-06-23T11:12:53","guid":{"rendered":"https:\/\/www.genoser.com\/hakkimizda\/"},"modified":"2023-06-19T10:49:32","modified_gmt":"2023-06-19T10:49:32","slug":"about-us","status":"publish","type":"page","link":"https:\/\/www.genoser.com\/en\/about-us\/","title":{"rendered":"About Us"},"content":{"rendered":"<div class=\"wpb-content-wrapper\"><p>[vc_row equal_height=&#8221;yes&#8221; css=&#8221;.vc_custom_1639679263699{padding-top: 60px !important;}&#8221; el_id=&#8221;biz-kimiz&#8221;][vc_column]<div id=\"ultimate-heading-812869fc9d43b3254\" class=\"uvc-heading ult-adjust-bottom-margin ultimate-heading-812869fc9d43b3254 uvc-4451 accent-border-color\" data-hspacer=\"line_only\"  data-halign=\"left\" style=\"text-align:left\"><div class=\"uvc-main-heading ult-responsive\"  data-ultimate-target='.uvc-heading.ultimate-heading-812869fc9d43b3254 h1'  data-responsive-json-new='{\"font-size\":\"desktop:26px;\",\"line-height\":\"desktop:36px;\"}' ><h1 style=\"font-weight:bold;\">About Us<\/h1><\/div><div class=\"uvc-heading-spacer line_only\" style=\"margin-top:15px;margin-bottom:50px;height:4px;\"><span class=\"uvc-headings-line\" style=\"border-style:solid;border-bottom-width:4px;border-color:;width:50px;\"><\/span><\/div><\/div>[vc_row_inner equal_height=&#8221;yes&#8221; content_placement=&#8221;top&#8221; el_id=&#8221;biz-kimiz&#8221; css=&#8221;.vc_custom_1641456104907{margin-top: 30px !important;}&#8221;][vc_column_inner][vc_column_text]Genser Engineering and its registered trademark, GENOSER, is an Izmir, T\u00fcrkiye based structural engineering project Office.<\/p>\n<p>GENOSER specialized in the design, consulting, controlling, optimization, and observation of the wind turbine foundation.<\/p>\n<p>GENOSER is committed to your projects with great ambition and seriousness with its expert and dynamic team.<\/p>\n<p>As GENOSER, we have a great experience in wind turbine foundation systems, a hundred wind foundation has been completed with different international brands.<\/p>\n<p>Combining this experience with the latest technology software products and working methods, we develop the best possible solution in a reasonable time and guarantee the highest quality and cost advantage in structural design.<\/p>\n<p>As the quality of the sol is an important parameter while the design of the fondation of wind turbines, we offer soil inverstigation and geotechnical consulting.<\/p>\n<p>Wind turbine foundation project consultancy and control services are provided for the projects prepared by the investors according to local ground conditions and international\/local design regulations.<\/p>\n<p>Monitoring the structural integrity of the existing wind turbine towers with innovative methods.[\/vc_column_text][\/vc_column_inner][\/vc_row_inner][vc_row_inner equal_height=&#8221;yes&#8221; content_placement=&#8221;top&#8221; css=&#8221;.vc_custom_1641456469270{margin-top: 30px !important;}&#8221; el_id=&#8221;misyon-vizyon&#8221;][vc_column_inner width=&#8221;1\/3&#8243;]<div id=\"ultimate-heading-862069fc9d43b3290\" class=\"uvc-heading ult-adjust-bottom-margin ultimate-heading-862069fc9d43b3290 uvc-7851 accent-border-color\" data-hspacer=\"line_only\"  data-halign=\"left\" style=\"text-align:left\"><div class=\"uvc-main-heading ult-responsive\"  data-ultimate-target='.uvc-heading.ultimate-heading-862069fc9d43b3290 h2'  data-responsive-json-new='{\"font-size\":\"desktop:26px;\",\"line-height\":\"desktop:36px;\"}' ><h2 style=\"font-weight:bold;\">Our Mission<\/h2><\/div><div class=\"uvc-heading-spacer line_only\" style=\"margin-top:15px;margin-bottom:20px;height:4px;\"><span class=\"uvc-headings-line\" style=\"border-style:solid;border-bottom-width:4px;border-color:;width:50px;\"><\/span><\/div><\/div>[vc_column_text]With good civil engineering, is to provide solutions with a balance of economy and security for all kinds of sectoral investment projects, especially renewable energy, and to contribute to the correct use of resources.[\/vc_column_text][\/vc_column_inner][vc_column_inner width=&#8221;1\/3&#8243;]<div id=\"ultimate-heading-22869fc9d43b32b7\" class=\"uvc-heading ult-adjust-bottom-margin ultimate-heading-22869fc9d43b32b7 uvc-7693 accent-border-color\" data-hspacer=\"line_only\"  data-halign=\"left\" style=\"text-align:left\"><div class=\"uvc-main-heading ult-responsive\"  data-ultimate-target='.uvc-heading.ultimate-heading-22869fc9d43b32b7 h2'  data-responsive-json-new='{\"font-size\":\"desktop:26px;\",\"line-height\":\"desktop:36px;\"}' ><h2 style=\"font-weight:bold;\">Our Core Values<\/h2><\/div><div class=\"uvc-heading-spacer line_only\" style=\"margin-top:15px;margin-bottom:20px;height:4px;\"><span class=\"uvc-headings-line\" style=\"border-style:solid;border-bottom-width:4px;border-color:;width:50px;\"><\/span><\/div><\/div><div class=\"standard-arrow bullet-top\"><ul>\n<li>Delivery at the least possible time.<\/li>\n<li>Optimized design with significant savings on the required amount of the concrete and the reinforcing bars<\/li>\n<li>Easy to built designs compliance with international codes.<\/li>\n<li>Familiar to work in seismic zones.<\/li>\n<li>Experience with many numbers of international wind turbine manufacturers<\/li>\n<li>Accessibility and continued contact with customers.<\/li>\n<li>After sales services<\/li>\n<li>High market share in T\u00fcrkiye<\/li>\n<\/ul>\n<\/div>[\/vc_column_inner][vc_column_inner width=&#8221;1\/3&#8243;]<div id=\"ultimate-heading-566369fc9d43b339c\" class=\"uvc-heading ult-adjust-bottom-margin ultimate-heading-566369fc9d43b339c uvc-8268 accent-border-color\" data-hspacer=\"line_only\"  data-halign=\"left\" style=\"text-align:left\"><div class=\"uvc-main-heading ult-responsive\"  data-ultimate-target='.uvc-heading.ultimate-heading-566369fc9d43b339c h2'  data-responsive-json-new='{\"font-size\":\"desktop:26px;\",\"line-height\":\"desktop:36px;\"}' ><h2 style=\"font-weight:bold;\">Our Experts<\/h2><\/div><div class=\"uvc-heading-spacer line_only\" style=\"margin-top:15px;margin-bottom:20px;height:4px;\"><span class=\"uvc-headings-line\" style=\"border-style:solid;border-bottom-width:4px;border-color:;width:50px;\"><\/span><\/div><\/div>[vc_column_text]<\/p>\n<ul>\n<li>Our experts have an extensive experience in wind energy projects.<\/li>\n<li>Our team is composed of several civil engineers, Project engineers, and technical sales engineers.<\/li>\n<\/ul>\n<p>[\/vc_column_text][\/vc_column_inner][\/vc_row_inner][\/vc_column][\/vc_row][vc_row bg_type=&#8221;image&#8221; parallax_style=&#8221;vcpb-default&#8221; bg_image_new=&#8221;id^1150|url^https:\/\/www.genoser.com\/wp-content\/uploads\/2020\/01\/con061.jpg|caption^null|alt^null|title^con061|description^null&#8221; bg_image_repeat=&#8221;no-repeat&#8221; bg_override=&#8221;full&#8221; enable_overlay=&#8221;enable_overlay_value&#8221; overlay_color=&#8221;rgba(0,0,0,0.5)&#8221; type=&#8221;vc_default&#8221; css=&#8221;.vc_custom_1641456359841{margin-top: 30px !important;padding-top: 70px !important;padding-bottom: 80px !important;}&#8221;][vc_column width=&#8221;2\/3&#8243;]<div id=\"ultimate-heading-29269fc9d43b33c7\" class=\"uvc-heading ult-adjust-bottom-margin ultimate-heading-29269fc9d43b33c7 uvc-3899 \" data-hspacer=\"no_spacer\"  data-halign=\"left\" style=\"text-align:left\"><div class=\"uvc-heading-spacer no_spacer\" style=\"top\"><\/div><div class=\"uvc-main-heading ult-responsive\"  data-ultimate-target='.uvc-heading.ultimate-heading-29269fc9d43b33c7 h2'  data-responsive-json-new='{\"font-size\":\"desktop:32px;\",\"line-height\":\"desktop:42px;\"}' ><h2 style=\"font-weight:bold;color:#ffffff;margin-bottom:20px;\">Contact Us<\/h2><\/div><\/div><style type=\"text\/css\" data-type=\"the7_shortcodes-inline-css\">#default-btn-77db31123c952271f9fd26ae4145c4e2.ico-right-side > i {\n  margin-right: 0px;\n  margin-left: 8px;\n}\n#default-btn-77db31123c952271f9fd26ae4145c4e2 > i {\n  margin-right: 8px;\n}\n<\/style><a href=\"tel:+90-541-231-57-12\" class=\"default-btn-shortcode dt-btn dt-btn-m link-hover-off btn-inline-left \" id=\"default-btn-77db31123c952271f9fd26ae4145c4e2\"><span>Call Us<\/span><\/a>[\/vc_column][\/vc_row]<\/p>\n<\/div>","protected":false},"excerpt":{"rendered":"<p>[vc_row equal_height=&#8221;yes&#8221; css=&#8221;.vc_custom_1639679263699{padding-top: 60px !important;}&#8221; el_id=&#8221;biz-kimiz&#8221;][vc_column][vc_row_inner equal_height=&#8221;yes&#8221; content_placement=&#8221;top&#8221; el_id=&#8221;biz-kimiz&#8221; css=&#8221;.vc_custom_1641456104907{margin-top: 30px !important;}&#8221;][vc_column_inner][vc_column_text]Genser Engineering and its registered trademark, GENOSER, is an Izmir, T\u00fcrkiye based structural engineering project Office. GENOSER specialized in the design, consulting, controlling, optimization, and observation of the wind turbine foundation. GENOSER is committed to your projects with great ambition and seriousness with its&hellip;<\/p>\n","protected":false},"author":1,"featured_media":0,"parent":0,"menu_order":1,"comment_status":"closed","ping_status":"closed","template":"","meta":[],"yoast_head":"<!-- This site is optimized with the Yoast SEO plugin v20.6 - https:\/\/yoast.com\/wordpress\/plugins\/seo\/ -->\n<title>About Us | Genoser<\/title>\n<meta name=\"description\" content=\"Genoser M\u00fchendislik ve bilinen patentli ad\u0131yla GENOSER, Bayrakl\u0131-\u0130zmir merkezli yap\u0131, deprem ve geo teknik temel m\u00fchendisli\u011fi proje ofisidir.\" \/>\n<meta name=\"robots\" content=\"index, follow, max-snippet:-1, max-image-preview:large, max-video-preview:-1\" \/>\n<link rel=\"canonical\" href=\"https:\/\/www.genoser.com\/en\/about-us\/\" \/>\n<meta property=\"og:locale\" content=\"en_US\" \/>\n<meta property=\"og:type\" content=\"article\" \/>\n<meta property=\"og:title\" content=\"About Us | Genoser\" \/>\n<meta property=\"og:description\" content=\"Genoser M\u00fchendislik ve bilinen patentli ad\u0131yla GENOSER, Bayrakl\u0131-\u0130zmir merkezli yap\u0131, deprem ve geo teknik temel m\u00fchendisli\u011fi proje ofisidir.\" \/>\n<meta property=\"og:url\" content=\"https:\/\/www.genoser.com\/en\/about-us\/\" \/>\n<meta property=\"og:site_name\" content=\"Genoser\" \/>\n<meta property=\"article:modified_time\" content=\"2023-06-19T10:49:32+00:00\" \/>\n<meta name=\"twitter:card\" content=\"summary_large_image\" \/>\n<script type=\"application\/ld+json\" class=\"yoast-schema-graph\">{\"@context\":\"https:\/\/schema.org\",\"@graph\":[{\"@type\":\"WebPage\",\"@id\":\"https:\/\/www.genoser.com\/en\/about-us\/\",\"url\":\"https:\/\/www.genoser.com\/en\/about-us\/\",\"name\":\"About Us | Genoser\",\"isPartOf\":{\"@id\":\"https:\/\/www.genoser.com\/#website\"},\"datePublished\":\"2016-06-23T11:12:53+00:00\",\"dateModified\":\"2023-06-19T10:49:32+00:00\",\"description\":\"Genoser M\u00fchendislik ve bilinen patentli ad\u0131yla GENOSER, Bayrakl\u0131-\u0130zmir merkezli yap\u0131, deprem ve geo teknik temel m\u00fchendisli\u011fi proje ofisidir.\",\"breadcrumb\":{\"@id\":\"https:\/\/www.genoser.com\/en\/about-us\/#breadcrumb\"},\"inLanguage\":\"en-US\",\"potentialAction\":[{\"@type\":\"ReadAction\",\"target\":[\"https:\/\/www.genoser.com\/en\/about-us\/\"]}]},{\"@type\":\"BreadcrumbList\",\"@id\":\"https:\/\/www.genoser.com\/en\/about-us\/#breadcrumb\",\"itemListElement\":[{\"@type\":\"ListItem\",\"position\":1,\"name\":\"Home\",\"item\":\"https:\/\/www.genoser.com\/en\/\"},{\"@type\":\"ListItem\",\"position\":2,\"name\":\"About Us\"}]},{\"@type\":\"WebSite\",\"@id\":\"https:\/\/www.genoser.com\/#website\",\"url\":\"https:\/\/www.genoser.com\/\",\"name\":\"Genoser\",\"description\":\"Yap\u0131 M\u00fchendisli\u011fi\",\"potentialAction\":[{\"@type\":\"SearchAction\",\"target\":{\"@type\":\"EntryPoint\",\"urlTemplate\":\"https:\/\/www.genoser.com\/?s={search_term_string}\"},\"query-input\":\"required name=search_term_string\"}],\"inLanguage\":\"en-US\"}]}<\/script>\n<!-- \/ Yoast SEO plugin. -->","yoast_head_json":{"title":"About Us | Genoser","description":"Genoser M\u00fchendislik ve bilinen patentli ad\u0131yla GENOSER, Bayrakl\u0131-\u0130zmir merkezli yap\u0131, deprem ve geo teknik temel m\u00fchendisli\u011fi proje ofisidir.","robots":{"index":"index","follow":"follow","max-snippet":"max-snippet:-1","max-image-preview":"max-image-preview:large","max-video-preview":"max-video-preview:-1"},"canonical":"https:\/\/www.genoser.com\/en\/about-us\/","og_locale":"en_US","og_type":"article","og_title":"About Us | Genoser","og_description":"Genoser M\u00fchendislik ve bilinen patentli ad\u0131yla GENOSER, Bayrakl\u0131-\u0130zmir merkezli yap\u0131, deprem ve geo teknik temel m\u00fchendisli\u011fi proje ofisidir.","og_url":"https:\/\/www.genoser.com\/en\/about-us\/","og_site_name":"Genoser","article_modified_time":"2023-06-19T10:49:32+00:00","twitter_card":"summary_large_image","schema":{"@context":"https:\/\/schema.org","@graph":[{"@type":"WebPage","@id":"https:\/\/www.genoser.com\/en\/about-us\/","url":"https:\/\/www.genoser.com\/en\/about-us\/","name":"About Us | Genoser","isPartOf":{"@id":"https:\/\/www.genoser.com\/#website"},"datePublished":"2016-06-23T11:12:53+00:00","dateModified":"2023-06-19T10:49:32+00:00","description":"Genoser M\u00fchendislik ve bilinen patentli ad\u0131yla GENOSER, Bayrakl\u0131-\u0130zmir merkezli yap\u0131, deprem ve geo teknik temel m\u00fchendisli\u011fi proje ofisidir.","breadcrumb":{"@id":"https:\/\/www.genoser.com\/en\/about-us\/#breadcrumb"},"inLanguage":"en-US","potentialAction":[{"@type":"ReadAction","target":["https:\/\/www.genoser.com\/en\/about-us\/"]}]},{"@type":"BreadcrumbList","@id":"https:\/\/www.genoser.com\/en\/about-us\/#breadcrumb","itemListElement":[{"@type":"ListItem","position":1,"name":"Home","item":"https:\/\/www.genoser.com\/en\/"},{"@type":"ListItem","position":2,"name":"About Us"}]},{"@type":"WebSite","@id":"https:\/\/www.genoser.com\/#website","url":"https:\/\/www.genoser.com\/","name":"Genoser","description":"Yap\u0131 M\u00fchendisli\u011fi","potentialAction":[{"@type":"SearchAction","target":{"@type":"EntryPoint","urlTemplate":"https:\/\/www.genoser.com\/?s={search_term_string}"},"query-input":"required name=search_term_string"}],"inLanguage":"en-US"}]}},"_links":{"self":[{"href":"https:\/\/www.genoser.com\/en\/wp-json\/wp\/v2\/pages\/2436"}],"collection":[{"href":"https:\/\/www.genoser.com\/en\/wp-json\/wp\/v2\/pages"}],"about":[{"href":"https:\/\/www.genoser.com\/en\/wp-json\/wp\/v2\/types\/page"}],"author":[{"embeddable":true,"href":"https:\/\/www.genoser.com\/en\/wp-json\/wp\/v2\/users\/1"}],"replies":[{"embeddable":true,"href":"https:\/\/www.genoser.com\/en\/wp-json\/wp\/v2\/comments?post=2436"}],"version-history":[{"count":6,"href":"https:\/\/www.genoser.com\/en\/wp-json\/wp\/v2\/pages\/2436\/revisions"}],"predecessor-version":[{"id":2794,"href":"https:\/\/www.genoser.com\/en\/wp-json\/wp\/v2\/pages\/2436\/revisions\/2794"}],"wp:attachment":[{"href":"https:\/\/www.genoser.com\/en\/wp-json\/wp\/v2\/media?parent=2436"}],"curies":[{"name":"wp","href":"https:\/\/api.w.org\/{rel}","templated":true}]}}