{"id":2439,"date":"2016-06-21T22:38:18","date_gmt":"2016-06-21T22:38:18","guid":{"rendered":"https:\/\/www.genoser.com\/faaliyet-alanlarimiz\/"},"modified":"2022-08-28T14:31:02","modified_gmt":"2022-08-28T14:31:02","slug":"our-services","status":"publish","type":"page","link":"https:\/\/www.genoser.com\/en\/our-services\/","title":{"rendered":"Our Services"},"content":{"rendered":"<div class=\"wpb-content-wrapper\"><p>[vc_row equal_height=&#8221;yes&#8221; type=&#8221;vc_default&#8221; css=&#8221;.vc_custom_1638198589439{padding-top: 50px !important;padding-bottom: 30px !important;}&#8221;][vc_column]<div id=\"ultimate-heading-462169fc8e21aa7ad\" class=\"uvc-heading ult-adjust-bottom-margin ultimate-heading-462169fc8e21aa7ad uvc-8050 accent-border-color\" data-hspacer=\"line_only\"  data-halign=\"center\" style=\"text-align:center\"><div class=\"uvc-main-heading ult-responsive\"  data-ultimate-target='.uvc-heading.ultimate-heading-462169fc8e21aa7ad h1'  data-responsive-json-new='{\"font-size\":\"desktop:28px;\",\"line-height\":\"desktop:36px;\"}' ><h1 style=\"font-weight:bold;margin-top:40px;\">Our Services<\/h1><\/div><div class=\"uvc-heading-spacer line_only\" style=\"margin-top:15px;margin-bottom:30px;height:4px;\"><span class=\"uvc-headings-line\" style=\"border-style:solid;border-bottom-width:4px;border-color:;width:50px;\"><\/span><\/div><\/div>[\/vc_column][\/vc_row][vc_row equal_height=&#8221;yes&#8221; type=&#8221;vc_default&#8221; css=&#8221;.vc_custom_1661541418993{padding-top: 30px !important;padding-bottom: 30px !important;}&#8221;][vc_column width=&#8221;1\/4&#8243; css=&#8221;.vc_custom_1638198669079{padding-right: 5px !important;padding-left: 5px !important;}&#8221;][\/vc_column][vc_column width=&#8221;1\/4&#8243; css=&#8221;.vc_custom_1638198676940{padding-right: 5px !important;padding-left: 5px !important;}&#8221;]\n<div id=\"interactive-banner-1-wrap-9817\" class=\"ult-banner-block ult-adjust-bottom-margin ult-bb-box ult-banner-block-custom-height banner-style11 \"   style=\"height:225px;\">\n\t<img src=\"https:\/\/www.genoser.com\/wp-content\/uploads\/2021\/11\/ruzgar-turbini-1-min.jpg\" alt=\"r\u00fczgar t\u00fcrbini\">\n\t<h3  data-ultimate-target='#interactive-banner-1-wrap-9817 .bb-top-title '  data-responsive-json-new='{\"font-size\":\"desktop:16px;\",\"line-height\":\"\"}'  class=\"title-center bb-top-title ult-responsive\" style=\"font-weight:bold;background:rgba(36,36,36,0.5);color:#ffffff;\">Wind Power Plants<\/h3>\n\t<div class=\"mask opaque-background\" style=\"background:rgba(36,36,36,0.5);\">\n\t\t<div  data-ultimate-target='#interactive-banner-1-wrap-9817 .bb-description'  data-responsive-json-new='{\"font-size\":\"\",\"line-height\":\"\"}'  class=\"bb-description ult-responsive\" style=\"font-weight:normal;color:#ffffff;\"><\/div>\n\t<\/div><a class=\"bb-link\" href=\"https:\/\/www.genoser.com\/en\/our-services\/special-structural-engineering-for-wind-power-plants\/\" title=\"R\u00fczgar Enerji Santrallerine \u00d6zel Yap\u0131 M\u00fchendisli\u011fi\" ><\/a>\n<\/div>[\/vc_column][vc_column width=&#8221;1\/4&#8243;]\n<div id=\"interactive-banner-1-wrap-5752\" class=\"ult-banner-block ult-adjust-bottom-margin ult-bb-box ult-banner-block-custom-height banner-style11 \"   style=\"height:225px;\">\n\t<img src=\"https:\/\/www.genoser.com\/wp-content\/uploads\/2021\/11\/Arazi-GES-statik-projelendirme.jpg\" alt=\"Arazi GES statik projelendirme\">\n\t<h3  data-ultimate-target='#interactive-banner-1-wrap-5752 .bb-top-title '  data-responsive-json-new='{\"font-size\":\"desktop:16px;\",\"line-height\":\"\"}'  class=\"title-center bb-top-title ult-responsive\" style=\"font-weight:bold;background:rgba(36,36,36,0.5);color:#ffffff;\">Solar Power Plants<\/h3>\n\t<div class=\"mask opaque-background\" style=\"background:rgba(36,36,36,0.5);\">\n\t\t<div  data-ultimate-target='#interactive-banner-1-wrap-5752 .bb-description'  data-responsive-json-new='{\"font-size\":\"\",\"line-height\":\"\"}'  class=\"bb-description ult-responsive\" style=\"font-weight:normal;color:#ffffff;\"><\/div>\n\t<\/div><a class=\"bb-link\" href=\"https:\/\/www.genoser.com\/en\/our-services\/special-structural-engineering-for-solar-power-plants\/\" title=\"G\u00fcne\u015f Enerji Santrallerine \u00d6zel Yap\u0131 M\u00fchendisli\u011fi\" ><\/a>\n<\/div>[\/vc_column][vc_column width=&#8221;1\/4&#8243;][\/vc_column][\/vc_row]<\/p>\n<\/div>","protected":false},"excerpt":{"rendered":"<p>[vc_row equal_height=&#8221;yes&#8221; type=&#8221;vc_default&#8221; css=&#8221;.vc_custom_1638198589439{padding-top: 50px !important;padding-bottom: 30px !important;}&#8221;][vc_column][\/vc_column][\/vc_row][vc_row equal_height=&#8221;yes&#8221; type=&#8221;vc_default&#8221; css=&#8221;.vc_custom_1661541418993{padding-top: 30px !important;padding-bottom: 30px !important;}&#8221;][vc_column width=&#8221;1\/4&#8243; css=&#8221;.vc_custom_1638198669079{padding-right: 5px !important;padding-left: 5px !important;}&#8221;][\/vc_column][vc_column width=&#8221;1\/4&#8243; css=&#8221;.vc_custom_1638198676940{padding-right: 5px !important;padding-left: 5px !important;}&#8221;][\/vc_column][vc_column width=&#8221;1\/4&#8243;][\/vc_column][vc_column width=&#8221;1\/4&#8243;][\/vc_column][\/vc_row]<\/p>\n","protected":false},"author":1,"featured_media":0,"parent":0,"menu_order":2,"comment_status":"closed","ping_status":"closed","template":"","meta":[],"yoast_head":"<!-- This site is optimized with the Yoast SEO plugin v20.6 - https:\/\/yoast.com\/wordpress\/plugins\/seo\/ -->\n<title>Our Services | Genoser<\/title>\n<meta name=\"description\" content=\"GENOSER m\u00fchendislik olarak r\u00fczgar enerjisi, g\u00fcne\u015f enerjisi ve geo teknik m\u00fchendisli\u011fi dahil olmak \u00fczere bir\u00e7ok alanda faaliyet g\u00f6steriyoruz.\" \/>\n<meta name=\"robots\" content=\"index, follow, max-snippet:-1, max-image-preview:large, max-video-preview:-1\" \/>\n<link rel=\"canonical\" href=\"https:\/\/www.genoser.com\/en\/our-services\/\" \/>\n<meta property=\"og:locale\" content=\"en_US\" \/>\n<meta property=\"og:type\" content=\"article\" \/>\n<meta property=\"og:title\" content=\"Our Services | Genoser\" \/>\n<meta property=\"og:description\" content=\"GENOSER m\u00fchendislik olarak r\u00fczgar enerjisi, g\u00fcne\u015f enerjisi ve geo teknik m\u00fchendisli\u011fi dahil olmak \u00fczere bir\u00e7ok alanda faaliyet g\u00f6steriyoruz.\" \/>\n<meta property=\"og:url\" content=\"https:\/\/www.genoser.com\/en\/our-services\/\" \/>\n<meta property=\"og:site_name\" content=\"Genoser\" \/>\n<meta property=\"article:modified_time\" content=\"2022-08-28T14:31:02+00:00\" \/>\n<meta name=\"twitter:card\" content=\"summary_large_image\" \/>\n<script type=\"application\/ld+json\" class=\"yoast-schema-graph\">{\"@context\":\"https:\/\/schema.org\",\"@graph\":[{\"@type\":\"WebPage\",\"@id\":\"https:\/\/www.genoser.com\/en\/our-services\/\",\"url\":\"https:\/\/www.genoser.com\/en\/our-services\/\",\"name\":\"Our Services | Genoser\",\"isPartOf\":{\"@id\":\"https:\/\/www.genoser.com\/#website\"},\"datePublished\":\"2016-06-21T22:38:18+00:00\",\"dateModified\":\"2022-08-28T14:31:02+00:00\",\"description\":\"GENOSER m\u00fchendislik olarak r\u00fczgar enerjisi, g\u00fcne\u015f enerjisi ve geo teknik m\u00fchendisli\u011fi dahil olmak \u00fczere bir\u00e7ok alanda faaliyet g\u00f6steriyoruz.\",\"breadcrumb\":{\"@id\":\"https:\/\/www.genoser.com\/en\/our-services\/#breadcrumb\"},\"inLanguage\":\"en-US\",\"potentialAction\":[{\"@type\":\"ReadAction\",\"target\":[\"https:\/\/www.genoser.com\/en\/our-services\/\"]}]},{\"@type\":\"BreadcrumbList\",\"@id\":\"https:\/\/www.genoser.com\/en\/our-services\/#breadcrumb\",\"itemListElement\":[{\"@type\":\"ListItem\",\"position\":1,\"name\":\"Home\",\"item\":\"https:\/\/www.genoser.com\/en\/\"},{\"@type\":\"ListItem\",\"position\":2,\"name\":\"Our Services\"}]},{\"@type\":\"WebSite\",\"@id\":\"https:\/\/www.genoser.com\/#website\",\"url\":\"https:\/\/www.genoser.com\/\",\"name\":\"Genoser\",\"description\":\"Yap\u0131 M\u00fchendisli\u011fi\",\"potentialAction\":[{\"@type\":\"SearchAction\",\"target\":{\"@type\":\"EntryPoint\",\"urlTemplate\":\"https:\/\/www.genoser.com\/?s={search_term_string}\"},\"query-input\":\"required name=search_term_string\"}],\"inLanguage\":\"en-US\"}]}<\/script>\n<!-- \/ Yoast SEO plugin. -->","yoast_head_json":{"title":"Our Services | Genoser","description":"GENOSER m\u00fchendislik olarak r\u00fczgar enerjisi, g\u00fcne\u015f enerjisi ve geo teknik m\u00fchendisli\u011fi dahil olmak \u00fczere bir\u00e7ok alanda faaliyet g\u00f6steriyoruz.","robots":{"index":"index","follow":"follow","max-snippet":"max-snippet:-1","max-image-preview":"max-image-preview:large","max-video-preview":"max-video-preview:-1"},"canonical":"https:\/\/www.genoser.com\/en\/our-services\/","og_locale":"en_US","og_type":"article","og_title":"Our Services | Genoser","og_description":"GENOSER m\u00fchendislik olarak r\u00fczgar enerjisi, g\u00fcne\u015f enerjisi ve geo teknik m\u00fchendisli\u011fi dahil olmak \u00fczere bir\u00e7ok alanda faaliyet g\u00f6steriyoruz.","og_url":"https:\/\/www.genoser.com\/en\/our-services\/","og_site_name":"Genoser","article_modified_time":"2022-08-28T14:31:02+00:00","twitter_card":"summary_large_image","schema":{"@context":"https:\/\/schema.org","@graph":[{"@type":"WebPage","@id":"https:\/\/www.genoser.com\/en\/our-services\/","url":"https:\/\/www.genoser.com\/en\/our-services\/","name":"Our Services | Genoser","isPartOf":{"@id":"https:\/\/www.genoser.com\/#website"},"datePublished":"2016-06-21T22:38:18+00:00","dateModified":"2022-08-28T14:31:02+00:00","description":"GENOSER m\u00fchendislik olarak r\u00fczgar enerjisi, g\u00fcne\u015f enerjisi ve geo teknik m\u00fchendisli\u011fi dahil olmak \u00fczere bir\u00e7ok alanda faaliyet g\u00f6steriyoruz.","breadcrumb":{"@id":"https:\/\/www.genoser.com\/en\/our-services\/#breadcrumb"},"inLanguage":"en-US","potentialAction":[{"@type":"ReadAction","target":["https:\/\/www.genoser.com\/en\/our-services\/"]}]},{"@type":"BreadcrumbList","@id":"https:\/\/www.genoser.com\/en\/our-services\/#breadcrumb","itemListElement":[{"@type":"ListItem","position":1,"name":"Home","item":"https:\/\/www.genoser.com\/en\/"},{"@type":"ListItem","position":2,"name":"Our Services"}]},{"@type":"WebSite","@id":"https:\/\/www.genoser.com\/#website","url":"https:\/\/www.genoser.com\/","name":"Genoser","description":"Yap\u0131 M\u00fchendisli\u011fi","potentialAction":[{"@type":"SearchAction","target":{"@type":"EntryPoint","urlTemplate":"https:\/\/www.genoser.com\/?s={search_term_string}"},"query-input":"required name=search_term_string"}],"inLanguage":"en-US"}]}},"_links":{"self":[{"href":"https:\/\/www.genoser.com\/en\/wp-json\/wp\/v2\/pages\/2439"}],"collection":[{"href":"https:\/\/www.genoser.com\/en\/wp-json\/wp\/v2\/pages"}],"about":[{"href":"https:\/\/www.genoser.com\/en\/wp-json\/wp\/v2\/types\/page"}],"author":[{"embeddable":true,"href":"https:\/\/www.genoser.com\/en\/wp-json\/wp\/v2\/users\/1"}],"replies":[{"embeddable":true,"href":"https:\/\/www.genoser.com\/en\/wp-json\/wp\/v2\/comments?post=2439"}],"version-history":[{"count":3,"href":"https:\/\/www.genoser.com\/en\/wp-json\/wp\/v2\/pages\/2439\/revisions"}],"predecessor-version":[{"id":2564,"href":"https:\/\/www.genoser.com\/en\/wp-json\/wp\/v2\/pages\/2439\/revisions\/2564"}],"wp:attachment":[{"href":"https:\/\/www.genoser.com\/en\/wp-json\/wp\/v2\/media?parent=2439"}],"curies":[{"name":"wp","href":"https:\/\/api.w.org\/{rel}","templated":true}]}}