{"id":2461,"date":"2021-12-03T08:48:05","date_gmt":"2021-12-03T08:48:05","guid":{"rendered":"https:\/\/www.genoser.com\/referanslarimiz\/"},"modified":"2023-06-09T09:42:23","modified_gmt":"2023-06-09T09:42:23","slug":"references","status":"publish","type":"page","link":"https:\/\/www.genoser.com\/en\/references\/","title":{"rendered":"References"},"content":{"rendered":"<div class=\"wpb-content-wrapper\"><p>[vc_row][vc_column]<div id=\"ultimate-heading-414269f4f9716eea0\" class=\"uvc-heading ult-adjust-bottom-margin ultimate-heading-414269f4f9716eea0 uvc-7427 accent-border-color\" data-hspacer=\"line_only\"  data-halign=\"center\" style=\"text-align:center\"><div class=\"uvc-main-heading ult-responsive\"  data-ultimate-target='.uvc-heading.ultimate-heading-414269f4f9716eea0 h1'  data-responsive-json-new='{\"font-size\":\"desktop:28px;\",\"line-height\":\"desktop:36px;\"}' ><h1 style=\"font-weight:bold;margin-top:40px;\">References<\/h1><\/div><div class=\"uvc-heading-spacer line_only\" style=\"margin-top:15px;margin-bottom:30px;height:4px;\"><span class=\"uvc-headings-line\" style=\"border-style:solid;border-bottom-width:4px;border-color:;width:50px;\"><\/span><\/div><\/div>[vc_row_inner][vc_column_inner width=&#8221;1\/6&#8243;][vc_single_image image=&#8221;2702&#8243; img_size=&#8221;full&#8221;][\/vc_column_inner][vc_column_inner width=&#8221;1\/6&#8243;][vc_single_image image=&#8221;2704&#8243; img_size=&#8221;full&#8221;][\/vc_column_inner][vc_column_inner width=&#8221;1\/6&#8243;][vc_single_image image=&#8221;2706&#8243; img_size=&#8221;full&#8221;][\/vc_column_inner][vc_column_inner width=&#8221;1\/6&#8243;][vc_single_image image=&#8221;2708&#8243; img_size=&#8221;full&#8221;][\/vc_column_inner][vc_column_inner width=&#8221;1\/6&#8243;][vc_single_image image=&#8221;2710&#8243; img_size=&#8221;full&#8221;][\/vc_column_inner][vc_column_inner width=&#8221;1\/6&#8243;][vc_single_image image=&#8221;2712&#8243; img_size=&#8221;full&#8221;][\/vc_column_inner][\/vc_row_inner][vc_row_inner css=&#8221;.vc_custom_1686303166546{margin-top: 35px !important;}&#8221;][vc_column_inner width=&#8221;1\/6&#8243;][vc_single_image image=&#8221;2714&#8243; img_size=&#8221;full&#8221;][\/vc_column_inner][vc_column_inner width=&#8221;1\/6&#8243;][vc_single_image image=&#8221;2716&#8243; img_size=&#8221;full&#8221;][\/vc_column_inner][vc_column_inner width=&#8221;1\/6&#8243;][vc_single_image image=&#8221;2718&#8243; img_size=&#8221;full&#8221;][\/vc_column_inner][vc_column_inner width=&#8221;1\/6&#8243;][vc_single_image image=&#8221;2720&#8243; img_size=&#8221;full&#8221;][\/vc_column_inner][vc_column_inner width=&#8221;1\/6&#8243;][vc_single_image image=&#8221;2724&#8243; img_size=&#8221;full&#8221;][\/vc_column_inner][vc_column_inner width=&#8221;1\/6&#8243;][vc_single_image image=&#8221;2726&#8243; img_size=&#8221;full&#8221;][\/vc_column_inner][\/vc_row_inner][vc_row_inner css=&#8221;.vc_custom_1686303166546{margin-top: 35px !important;}&#8221;][vc_column_inner width=&#8221;1\/6&#8243;][vc_single_image image=&#8221;2728&#8243; img_size=&#8221;full&#8221;][\/vc_column_inner][vc_column_inner width=&#8221;1\/6&#8243;][vc_single_image image=&#8221;2730&#8243; img_size=&#8221;full&#8221;][\/vc_column_inner][vc_column_inner width=&#8221;1\/6&#8243;][vc_single_image image=&#8221;2732&#8243; img_size=&#8221;full&#8221;][\/vc_column_inner][vc_column_inner width=&#8221;1\/6&#8243;][vc_single_image image=&#8221;2734&#8243; img_size=&#8221;full&#8221;][\/vc_column_inner][vc_column_inner width=&#8221;1\/6&#8243;][vc_single_image image=&#8221;2736&#8243; img_size=&#8221;full&#8221;][\/vc_column_inner][vc_column_inner width=&#8221;1\/6&#8243;][vc_single_image image=&#8221;2738&#8243; img_size=&#8221;full&#8221;][\/vc_column_inner][\/vc_row_inner][vc_row_inner css=&#8221;.vc_custom_1686303166546{margin-top: 35px !important;}&#8221;][vc_column_inner width=&#8221;1\/6&#8243;][vc_single_image image=&#8221;2740&#8243; img_size=&#8221;full&#8221;][\/vc_column_inner][vc_column_inner width=&#8221;1\/6&#8243;][vc_single_image image=&#8221;2742&#8243; img_size=&#8221;full&#8221;][\/vc_column_inner][vc_column_inner width=&#8221;1\/6&#8243;][vc_single_image image=&#8221;2744&#8243; img_size=&#8221;full&#8221;][\/vc_column_inner][vc_column_inner width=&#8221;1\/6&#8243;][vc_single_image image=&#8221;2746&#8243; img_size=&#8221;full&#8221;][\/vc_column_inner][vc_column_inner width=&#8221;1\/6&#8243;][vc_single_image image=&#8221;2748&#8243; img_size=&#8221;full&#8221;][\/vc_column_inner][vc_column_inner width=&#8221;1\/6&#8243;][vc_single_image image=&#8221;2750&#8243; img_size=&#8221;full&#8221;][\/vc_column_inner][\/vc_row_inner][vc_row_inner css=&#8221;.vc_custom_1686303166546{margin-top: 35px !important;}&#8221;][vc_column_inner width=&#8221;1\/6&#8243;][vc_single_image image=&#8221;2752&#8243; img_size=&#8221;full&#8221;][\/vc_column_inner][vc_column_inner width=&#8221;1\/6&#8243;][vc_single_image image=&#8221;2754&#8243; img_size=&#8221;full&#8221;][\/vc_column_inner][vc_column_inner width=&#8221;1\/6&#8243;][vc_single_image image=&#8221;2756&#8243; img_size=&#8221;full&#8221;][\/vc_column_inner][vc_column_inner width=&#8221;1\/6&#8243;][vc_single_image image=&#8221;2758&#8243; img_size=&#8221;full&#8221;][\/vc_column_inner][vc_column_inner width=&#8221;1\/6&#8243;][vc_single_image image=&#8221;2760&#8243; img_size=&#8221;full&#8221;][\/vc_column_inner][vc_column_inner width=&#8221;1\/6&#8243;][vc_single_image image=&#8221;2762&#8243; img_size=&#8221;full&#8221;][\/vc_column_inner][\/vc_row_inner][vc_row_inner css=&#8221;.vc_custom_1686303166546{margin-top: 35px !important;}&#8221;][vc_column_inner width=&#8221;1\/6&#8243;][vc_single_image image=&#8221;2764&#8243; img_size=&#8221;full&#8221;][\/vc_column_inner][vc_column_inner width=&#8221;1\/6&#8243;][vc_single_image image=&#8221;2766&#8243; img_size=&#8221;full&#8221;][\/vc_column_inner][vc_column_inner width=&#8221;1\/6&#8243;][vc_single_image image=&#8221;2768&#8243; img_size=&#8221;full&#8221;][\/vc_column_inner][vc_column_inner width=&#8221;1\/6&#8243;][vc_single_image image=&#8221;2770&#8243; img_size=&#8221;full&#8221;][\/vc_column_inner][vc_column_inner width=&#8221;1\/6&#8243;][vc_single_image image=&#8221;2772&#8243; img_size=&#8221;full&#8221;][\/vc_column_inner][vc_column_inner width=&#8221;1\/6&#8243;][vc_single_image image=&#8221;2774&#8243; img_size=&#8221;full&#8221;][\/vc_column_inner][\/vc_row_inner][\/vc_column][\/vc_row][vc_row css=&#8221;.vc_custom_1686303739886{margin-top: 35px !important;padding-right: 100px !important;padding-left: 100px !important;}&#8221;][vc_column]<div id=\"ultimate-heading-321369f4f9716eef4\" class=\"uvc-heading ult-adjust-bottom-margin ultimate-heading-321369f4f9716eef4 uvc-1404 accent-border-color\" data-hspacer=\"line_only\"  data-halign=\"center\" style=\"text-align:center\"><div class=\"uvc-main-heading ult-responsive\"  data-ultimate-target='.uvc-heading.ultimate-heading-321369f4f9716eef4 h1'  data-responsive-json-new='{\"font-size\":\"desktop:28px;\",\"line-height\":\"desktop:36px;\"}' ><h1 style=\"font-weight:bold;margin-top:40px;\">Some of Our Projects<\/h1><\/div><div class=\"uvc-heading-spacer line_only\" style=\"margin-top:15px;margin-bottom:30px;height:4px;\"><span class=\"uvc-headings-line\" style=\"border-style:solid;border-bottom-width:4px;border-color:;width:50px;\"><\/span><\/div><\/div>[vc_row_inner equal_height=&#8221;yes&#8221;][vc_column_inner width=&#8221;1\/4&#8243;][vc_single_image image=&#8221;2636&#8243; img_size=&#8221;full&#8221; alignment=&#8221;center&#8221; style=&#8221;vc_box_shadow_border&#8221; onclick=&#8221;link_image&#8221;][vc_column_text css=&#8221;.vc_custom_1686259417668{margin-top: 10px !important;}&#8221;]<\/p>\n<p style=\"text-align: center;\"><strong>ATARES 1 and 2 extension<\/strong><\/p>\n<p style=\"text-align: center;\">Location : Bursa, T\u00fcrkiye.<br \/>\nYear : 2023<br \/>\nPower : 170 Mw<br \/>\nNumber of Turbines : 39<br \/>\nType of Turbine : N149\/4800 TS125m<\/p>\n<p>[\/vc_column_text][\/vc_column_inner][vc_column_inner width=&#8221;1\/4&#8243;][vc_single_image image=&#8221;2639&#8243; img_size=&#8221;full&#8221; alignment=&#8221;center&#8221; style=&#8221;vc_box_shadow_border&#8221; onclick=&#8221;link_image&#8221;][vc_column_text css=&#8221;.vc_custom_1686259542462{margin-top: 10px !important;}&#8221;]<\/p>\n<p style=\"text-align: center;\"><strong>G\u00dcLPINAR RES<\/strong><\/p>\n<p style=\"text-align: center;\">Location : \u00c7anakkale, T\u00fcrkiye.<br \/>\nYear : 2023<br \/>\nPower : 160 Mw<br \/>\nNumber of Turbines : 29<br \/>\nType of Turbines : E115\/ EP3-E3-ST-92\/ FB\/C\/01<br \/>\nE160\/ EP5-E3-ST-99\/ FB\/C\/01<br \/>\nE160\/ EP5-E3-HST-120\/ FB\/C\/01<\/p>\n<p>[\/vc_column_text][\/vc_column_inner][vc_column_inner width=&#8221;1\/4&#8243;][vc_single_image image=&#8221;2642&#8243; img_size=&#8221;full&#8221; alignment=&#8221;center&#8221; style=&#8221;vc_box_shadow_border&#8221; onclick=&#8221;link_image&#8221;][vc_column_text css=&#8221;.vc_custom_1686259618059{margin-top: 10px !important;}&#8221;]<\/p>\n<p style=\"text-align: center;\"><strong>U\u015eAK RES <\/strong><\/p>\n<p style=\"text-align: center;\">Location :U\u015eAK , T\u00fcrkiye.<br \/>\nYear : 2022<br \/>\nPower : 102 Mw<br \/>\nNumber of Turbines : 17<br \/>\nType of Turbines : GW165-6.0-100mHH-IECS<\/p>\n<p>[\/vc_column_text][\/vc_column_inner][vc_column_inner width=&#8221;1\/4&#8243;][vc_single_image image=&#8221;2644&#8243; img_size=&#8221;full&#8221; alignment=&#8221;center&#8221; style=&#8221;vc_box_shadow_border&#8221; onclick=&#8221;link_image&#8221;][vc_column_text css=&#8221;.vc_custom_1686259682094{margin-top: 10px !important;}&#8221;]<\/p>\n<p style=\"text-align: center;\"><strong>\u00dc\u00c7PINAR RES<\/strong><\/p>\n<p style=\"text-align: center;\">Location :KAYSERI , T\u00fcrkiye.<br \/>\nYear : 2021<br \/>\nPower : 68.4 Mw<br \/>\nNumber of Turbines : 12<br \/>\nType of Turbines : N163\/5700 TS118m<\/p>\n<p>[\/vc_column_text][\/vc_column_inner][\/vc_row_inner][vc_row_inner equal_height=&#8221;yes&#8221; css=&#8221;.vc_custom_1686260245926{margin-top: 35px !important;margin-bottom: 35px !important;}&#8221;][vc_column_inner width=&#8221;1\/4&#8243;][vc_single_image image=&#8221;2647&#8243; img_size=&#8221;full&#8221; alignment=&#8221;center&#8221; style=&#8221;vc_box_shadow_border&#8221; onclick=&#8221;link_image&#8221;][vc_column_text css=&#8221;.vc_custom_1686259758977{margin-top: 10px !important;}&#8221;]<\/p>\n<p style=\"text-align: center;\"><strong>\u0130STANBUL RES<\/strong><\/p>\n<p style=\"text-align: center;\">Location :ISTANBUL , T\u00fcrkiye.<br \/>\nYear : 2021<br \/>\nPower : 211,2 Mw<br \/>\nNumber of Turbines : 44<br \/>\nType of Turbines : N133\/4800 TS125m<\/p>\n<p>[\/vc_column_text][\/vc_column_inner][vc_column_inner width=&#8221;1\/4&#8243;][vc_single_image image=&#8221;2664&#8243; img_size=&#8221;full&#8221; alignment=&#8221;center&#8221; style=&#8221;vc_box_shadow_border&#8221; onclick=&#8221;link_image&#8221;][vc_column_text css=&#8221;.vc_custom_1686259808701{margin-top: 10px !important;}&#8221;]<\/p>\n<p style=\"text-align: center;\"><strong>GEYCEK RES<\/strong><\/p>\n<p style=\"text-align: center;\">Location :KIR\u015eEHIR , T\u00fcrkiye.<br \/>\nYear : 2013<br \/>\nPower : 150 Mw<br \/>\nNumber of Turbines : 30<br \/>\nType of Turbines : N133\/4800 TS125m<\/p>\n<p>[\/vc_column_text][\/vc_column_inner][vc_column_inner width=&#8221;1\/4&#8243;][vc_single_image image=&#8221;2651&#8243; img_size=&#8221;full&#8221; alignment=&#8221;center&#8221; style=&#8221;vc_box_shadow_border&#8221; onclick=&#8221;link_image&#8221;][vc_column_text css=&#8221;.vc_custom_1686259864816{margin-top: 10px !important;}&#8221;]<\/p>\n<p style=\"text-align: center;\"><strong>ZONGULDAK RES<\/strong><\/p>\n<p style=\"text-align: center;\">Location :ZONGULDAK , T\u00fcrkiye.<br \/>\nYear : 2020<br \/>\nPower : 121,9 Mw<br \/>\nNumber of Turbines : 23<br \/>\nType of Turbines : GE 5.3-158-121mHH<\/p>\n<p>[\/vc_column_text][\/vc_column_inner][vc_column_inner width=&#8221;1\/4&#8243;][vc_single_image image=&#8221;2653&#8243; img_size=&#8221;full&#8221; alignment=&#8221;center&#8221; style=&#8221;vc_box_shadow_border&#8221; onclick=&#8221;link_image&#8221;][vc_column_text css=&#8221;.vc_custom_1686259981502{margin-top: 10px !important;}&#8221;]<\/p>\n<p style=\"text-align: center;\"><strong>EVRENC\u0130K RES<\/strong><\/p>\n<p style=\"text-align: center;\">Location : K\u0131rklareli, Vize, T\u00fcrkiye.<br \/>\nYear : 2019<br \/>\nPower : 129,60 Mwe<br \/>\nNumber of Turbines: 27<br \/>\nType of Turbines : N149\/4500 TS125m<\/p>\n<p>[\/vc_column_text][\/vc_column_inner][\/vc_row_inner][vc_row_inner equal_height=&#8221;yes&#8221;][vc_column_inner width=&#8221;1\/4&#8243;][vc_single_image image=&#8221;2655&#8243; img_size=&#8221;full&#8221; alignment=&#8221;center&#8221; style=&#8221;vc_box_shadow_border&#8221; onclick=&#8221;link_image&#8221;][vc_column_text css=&#8221;.vc_custom_1686260041869{margin-top: 10px !important;}&#8221;]<\/p>\n<p style=\"text-align: center;\"><strong>LODOS RES<\/strong><\/p>\n<p style=\"text-align: center;\">Location : IZMIR, T\u00fcrkiye.<br \/>\nYear : 2013<br \/>\nPower : 120 Mwe<br \/>\nNumber of Turbines: 50<br \/>\nType of Turbines : E-82<\/p>\n<p>[\/vc_column_text][\/vc_column_inner][vc_column_inner width=&#8221;1\/4&#8243;][vc_single_image image=&#8221;2657&#8243; img_size=&#8221;full&#8221; alignment=&#8221;center&#8221; style=&#8221;vc_box_shadow_border&#8221; onclick=&#8221;link_image&#8221;][vc_column_text css=&#8221;.vc_custom_1686260074781{margin-top: 10px !important;}&#8221;]<\/p>\n<p style=\"text-align: center;\"><strong>S\u00d6KE RES<\/strong><\/p>\n<p style=\"text-align: center;\">Location : AYDIN, T\u00fcrkiye.<br \/>\nYear : 2019<br \/>\nPower : 103,5Mwe<br \/>\nNumber of Turbines: 23<br \/>\nType of Turbines : N149\/4500 TS105<\/p>\n<p>[\/vc_column_text][\/vc_column_inner][vc_column_inner width=&#8221;1\/4&#8243;][vc_single_image image=&#8221;2659&#8243; img_size=&#8221;full&#8221; alignment=&#8221;center&#8221; style=&#8221;vc_box_shadow_border&#8221; onclick=&#8221;link_image&#8221;][vc_column_text css=&#8221;.vc_custom_1686260122981{margin-top: 10px !important;}&#8221;]<\/p>\n<p style=\"text-align: center;\"><strong>\u00dc\u00c7PINAR RES<\/strong><\/p>\n<p style=\"text-align: center;\">Location : \u00c7ANAKKALE, T\u00fcrkiye.<br \/>\nYear : 2018<br \/>\nPower : 100 Mwe<br \/>\nNumber of Turbines: 33<br \/>\nType of Turbines : SWT-3.4-108-D3-3.4-108-S-T79.5-583<\/p>\n<p>[\/vc_column_text][\/vc_column_inner][vc_column_inner width=&#8221;1\/4&#8243;][vc_single_image image=&#8221;2661&#8243; img_size=&#8221;full&#8221; alignment=&#8221;center&#8221; style=&#8221;vc_box_shadow_border&#8221; onclick=&#8221;link_image&#8221;][vc_column_text css=&#8221;.vc_custom_1686260162619{margin-top: 10px !important;}&#8221;]<\/p>\n<p style=\"text-align: center;\"><strong>HAMZABEYL\u0130 RES<\/strong><\/p>\n<p style=\"text-align: center;\">Location : Edirne, T\u00fcrkiye.<br \/>\nYear : 2017<br \/>\nPower : 25,12 Mwe<br \/>\nNumber of Turbines: 2<\/p>\n<p>[\/vc_column_text][\/vc_column_inner][\/vc_row_inner][\/vc_column][\/vc_row][vc_row][vc_column][vc_column_text]<\/p>\n<p>[\/vc_column_text][\/vc_column][\/vc_row]<\/p>\n<\/div>","protected":false},"excerpt":{"rendered":"<p>[vc_row][vc_column][vc_row_inner][vc_column_inner width=&#8221;1\/6&#8243;][vc_single_image image=&#8221;2702&#8243; img_size=&#8221;full&#8221;][\/vc_column_inner][vc_column_inner width=&#8221;1\/6&#8243;][vc_single_image image=&#8221;2704&#8243; img_size=&#8221;full&#8221;][\/vc_column_inner][vc_column_inner width=&#8221;1\/6&#8243;][vc_single_image image=&#8221;2706&#8243; img_size=&#8221;full&#8221;][\/vc_column_inner][vc_column_inner width=&#8221;1\/6&#8243;][vc_single_image image=&#8221;2708&#8243; img_size=&#8221;full&#8221;][\/vc_column_inner][vc_column_inner width=&#8221;1\/6&#8243;][vc_single_image image=&#8221;2710&#8243; img_size=&#8221;full&#8221;][\/vc_column_inner][vc_column_inner width=&#8221;1\/6&#8243;][vc_single_image image=&#8221;2712&#8243; img_size=&#8221;full&#8221;][\/vc_column_inner][\/vc_row_inner][vc_row_inner css=&#8221;.vc_custom_1686303166546{margin-top: 35px !important;}&#8221;][vc_column_inner width=&#8221;1\/6&#8243;][vc_single_image image=&#8221;2714&#8243; img_size=&#8221;full&#8221;][\/vc_column_inner][vc_column_inner width=&#8221;1\/6&#8243;][vc_single_image image=&#8221;2716&#8243; img_size=&#8221;full&#8221;][\/vc_column_inner][vc_column_inner width=&#8221;1\/6&#8243;][vc_single_image image=&#8221;2718&#8243; img_size=&#8221;full&#8221;][\/vc_column_inner][vc_column_inner width=&#8221;1\/6&#8243;][vc_single_image image=&#8221;2720&#8243; img_size=&#8221;full&#8221;][\/vc_column_inner][vc_column_inner width=&#8221;1\/6&#8243;][vc_single_image image=&#8221;2724&#8243; img_size=&#8221;full&#8221;][\/vc_column_inner][vc_column_inner width=&#8221;1\/6&#8243;][vc_single_image image=&#8221;2726&#8243; img_size=&#8221;full&#8221;][\/vc_column_inner][\/vc_row_inner][vc_row_inner css=&#8221;.vc_custom_1686303166546{margin-top: 35px !important;}&#8221;][vc_column_inner width=&#8221;1\/6&#8243;][vc_single_image image=&#8221;2728&#8243; img_size=&#8221;full&#8221;][\/vc_column_inner][vc_column_inner width=&#8221;1\/6&#8243;][vc_single_image image=&#8221;2730&#8243; img_size=&#8221;full&#8221;][\/vc_column_inner][vc_column_inner width=&#8221;1\/6&#8243;][vc_single_image image=&#8221;2732&#8243; img_size=&#8221;full&#8221;][\/vc_column_inner][vc_column_inner width=&#8221;1\/6&#8243;][vc_single_image image=&#8221;2734&#8243; img_size=&#8221;full&#8221;][\/vc_column_inner][vc_column_inner&hellip;<\/p>\n","protected":false},"author":1,"featured_media":0,"parent":0,"menu_order":0,"comment_status":"closed","ping_status":"closed","template":"","meta":[],"yoast_head":"<!-- This site is optimized with the Yoast SEO plugin v20.6 - https:\/\/yoast.com\/wordpress\/plugins\/seo\/ -->\n<title>References | Genoser<\/title>\n<meta name=\"description\" content=\"GENOSER ailesi olarak T\u00fcrkiye&#039;nin bir\u00e7ok farkl\u0131 \u015fehirden orta ve b\u00fcy\u00fck \u00f6l\u00e7ekli firmalara kesintisiz hizmet vermekteyiz.\" \/>\n<meta name=\"robots\" content=\"index, follow, max-snippet:-1, max-image-preview:large, max-video-preview:-1\" \/>\n<link rel=\"canonical\" href=\"https:\/\/www.genoser.com\/en\/references\/\" \/>\n<meta property=\"og:locale\" content=\"en_US\" \/>\n<meta property=\"og:type\" content=\"article\" \/>\n<meta property=\"og:title\" content=\"References | Genoser\" \/>\n<meta property=\"og:description\" content=\"GENOSER ailesi olarak T\u00fcrkiye&#039;nin bir\u00e7ok farkl\u0131 \u015fehirden orta ve b\u00fcy\u00fck \u00f6l\u00e7ekli firmalara kesintisiz hizmet vermekteyiz.\" \/>\n<meta property=\"og:url\" content=\"https:\/\/www.genoser.com\/en\/references\/\" \/>\n<meta property=\"og:site_name\" content=\"Genoser\" \/>\n<meta property=\"article:modified_time\" content=\"2023-06-09T09:42:23+00:00\" \/>\n<meta name=\"twitter:card\" content=\"summary_large_image\" \/>\n<script type=\"application\/ld+json\" class=\"yoast-schema-graph\">{\"@context\":\"https:\/\/schema.org\",\"@graph\":[{\"@type\":\"WebPage\",\"@id\":\"https:\/\/www.genoser.com\/en\/references\/\",\"url\":\"https:\/\/www.genoser.com\/en\/references\/\",\"name\":\"References | Genoser\",\"isPartOf\":{\"@id\":\"https:\/\/www.genoser.com\/#website\"},\"datePublished\":\"2021-12-03T08:48:05+00:00\",\"dateModified\":\"2023-06-09T09:42:23+00:00\",\"description\":\"GENOSER ailesi olarak T\u00fcrkiye'nin bir\u00e7ok farkl\u0131 \u015fehirden orta ve b\u00fcy\u00fck \u00f6l\u00e7ekli firmalara kesintisiz hizmet vermekteyiz.\",\"breadcrumb\":{\"@id\":\"https:\/\/www.genoser.com\/en\/references\/#breadcrumb\"},\"inLanguage\":\"en-US\",\"potentialAction\":[{\"@type\":\"ReadAction\",\"target\":[\"https:\/\/www.genoser.com\/en\/references\/\"]}]},{\"@type\":\"BreadcrumbList\",\"@id\":\"https:\/\/www.genoser.com\/en\/references\/#breadcrumb\",\"itemListElement\":[{\"@type\":\"ListItem\",\"position\":1,\"name\":\"Home\",\"item\":\"https:\/\/www.genoser.com\/en\/\"},{\"@type\":\"ListItem\",\"position\":2,\"name\":\"References\"}]},{\"@type\":\"WebSite\",\"@id\":\"https:\/\/www.genoser.com\/#website\",\"url\":\"https:\/\/www.genoser.com\/\",\"name\":\"Genoser\",\"description\":\"Yap\u0131 M\u00fchendisli\u011fi\",\"potentialAction\":[{\"@type\":\"SearchAction\",\"target\":{\"@type\":\"EntryPoint\",\"urlTemplate\":\"https:\/\/www.genoser.com\/?s={search_term_string}\"},\"query-input\":\"required name=search_term_string\"}],\"inLanguage\":\"en-US\"}]}<\/script>\n<!-- \/ Yoast SEO plugin. -->","yoast_head_json":{"title":"References | Genoser","description":"GENOSER ailesi olarak T\u00fcrkiye'nin bir\u00e7ok farkl\u0131 \u015fehirden orta ve b\u00fcy\u00fck \u00f6l\u00e7ekli firmalara kesintisiz hizmet vermekteyiz.","robots":{"index":"index","follow":"follow","max-snippet":"max-snippet:-1","max-image-preview":"max-image-preview:large","max-video-preview":"max-video-preview:-1"},"canonical":"https:\/\/www.genoser.com\/en\/references\/","og_locale":"en_US","og_type":"article","og_title":"References | Genoser","og_description":"GENOSER ailesi olarak T\u00fcrkiye'nin bir\u00e7ok farkl\u0131 \u015fehirden orta ve b\u00fcy\u00fck \u00f6l\u00e7ekli firmalara kesintisiz hizmet vermekteyiz.","og_url":"https:\/\/www.genoser.com\/en\/references\/","og_site_name":"Genoser","article_modified_time":"2023-06-09T09:42:23+00:00","twitter_card":"summary_large_image","schema":{"@context":"https:\/\/schema.org","@graph":[{"@type":"WebPage","@id":"https:\/\/www.genoser.com\/en\/references\/","url":"https:\/\/www.genoser.com\/en\/references\/","name":"References | Genoser","isPartOf":{"@id":"https:\/\/www.genoser.com\/#website"},"datePublished":"2021-12-03T08:48:05+00:00","dateModified":"2023-06-09T09:42:23+00:00","description":"GENOSER ailesi olarak T\u00fcrkiye'nin bir\u00e7ok farkl\u0131 \u015fehirden orta ve b\u00fcy\u00fck \u00f6l\u00e7ekli firmalara kesintisiz hizmet vermekteyiz.","breadcrumb":{"@id":"https:\/\/www.genoser.com\/en\/references\/#breadcrumb"},"inLanguage":"en-US","potentialAction":[{"@type":"ReadAction","target":["https:\/\/www.genoser.com\/en\/references\/"]}]},{"@type":"BreadcrumbList","@id":"https:\/\/www.genoser.com\/en\/references\/#breadcrumb","itemListElement":[{"@type":"ListItem","position":1,"name":"Home","item":"https:\/\/www.genoser.com\/en\/"},{"@type":"ListItem","position":2,"name":"References"}]},{"@type":"WebSite","@id":"https:\/\/www.genoser.com\/#website","url":"https:\/\/www.genoser.com\/","name":"Genoser","description":"Yap\u0131 M\u00fchendisli\u011fi","potentialAction":[{"@type":"SearchAction","target":{"@type":"EntryPoint","urlTemplate":"https:\/\/www.genoser.com\/?s={search_term_string}"},"query-input":"required name=search_term_string"}],"inLanguage":"en-US"}]}},"_links":{"self":[{"href":"https:\/\/www.genoser.com\/en\/wp-json\/wp\/v2\/pages\/2461"}],"collection":[{"href":"https:\/\/www.genoser.com\/en\/wp-json\/wp\/v2\/pages"}],"about":[{"href":"https:\/\/www.genoser.com\/en\/wp-json\/wp\/v2\/types\/page"}],"author":[{"embeddable":true,"href":"https:\/\/www.genoser.com\/en\/wp-json\/wp\/v2\/users\/1"}],"replies":[{"embeddable":true,"href":"https:\/\/www.genoser.com\/en\/wp-json\/wp\/v2\/comments?post=2461"}],"version-history":[{"count":15,"href":"https:\/\/www.genoser.com\/en\/wp-json\/wp\/v2\/pages\/2461\/revisions"}],"predecessor-version":[{"id":2781,"href":"https:\/\/www.genoser.com\/en\/wp-json\/wp\/v2\/pages\/2461\/revisions\/2781"}],"wp:attachment":[{"href":"https:\/\/www.genoser.com\/en\/wp-json\/wp\/v2\/media?parent=2461"}],"curies":[{"name":"wp","href":"https:\/\/api.w.org\/{rel}","templated":true}]}}