{"id":2798,"date":"2023-06-19T11:16:48","date_gmt":"2023-06-19T11:16:48","guid":{"rendered":"https:\/\/www.genoser.com\/?page_id=2798"},"modified":"2023-06-19T11:50:20","modified_gmt":"2023-06-19T11:50:20","slug":"catalog","status":"publish","type":"page","link":"https:\/\/www.genoser.com\/en\/catalog\/","title":{"rendered":"Catalog"},"content":{"rendered":"<div class=\"wpb-content-wrapper\"><p>[vc_row][vc_column]<div id=\"ultimate-heading-199369fc9d42bdd9d\" class=\"uvc-heading ult-adjust-bottom-margin ultimate-heading-199369fc9d42bdd9d uvc-9417 accent-border-color\" data-hspacer=\"line_only\"  data-halign=\"center\" style=\"text-align:center\"><div class=\"uvc-main-heading ult-responsive\"  data-ultimate-target='.uvc-heading.ultimate-heading-199369fc9d42bdd9d h1'  data-responsive-json-new='{\"font-size\":\"desktop:28px;\",\"line-height\":\"desktop:36px;\"}' ><h1 style=\"font-weight:bold;margin-top:40px;\">Our Catalog<\/h1><\/div><div class=\"uvc-heading-spacer line_only\" style=\"margin-top:15px;margin-bottom:30px;height:4px;\"><span class=\"uvc-headings-line\" style=\"border-style:solid;border-bottom-width:4px;border-color:;width:50px;\"><\/span><\/div><\/div>[\/vc_column][\/vc_row][vc_row css=&#8221;.vc_custom_1686260865627{margin-top: 35px !important;margin-bottom: 70px !important;}&#8221;][vc_column width=&#8221;1\/4&#8243;][\/vc_column][vc_column width=&#8221;1\/4&#8243;][vc_single_image image=&#8221;2669&#8243; img_size=&#8221;full&#8221; onclick=&#8221;custom_link&#8221; img_link_target=&#8221;_blank&#8221; css=&#8221;.vc_custom_1686261000111{border-top-width: 1px !important;border-right-width: 1px !important;border-bottom-width: 1px !important;border-left-width: 1px !important;padding-top: 10px !important;padding-right: 10px !important;padding-bottom: 10px !important;padding-left: 10px !important;border-left-color: #9e9e9e !important;border-left-style: solid !important;border-right-color: #9e9e9e !important;border-right-style: solid !important;border-top-color: #9e9e9e !important;border-top-style: solid !important;border-bottom-color: #9e9e9e !important;border-bottom-style: solid !important;}&#8221; link=&#8221;https:\/\/www.genoser.com\/wp-content\/uploads\/2023\/06\/catalog.pdf&#8221;][\/vc_column][vc_column width=&#8221;1\/4&#8243;][vc_single_image image=&#8221;2671&#8243; img_size=&#8221;full&#8221; onclick=&#8221;custom_link&#8221; img_link_target=&#8221;_blank&#8221; css=&#8221;.vc_custom_1687175415429{border-top-width: 1px !important;border-right-width: 1px !important;border-bottom-width: 1px !important;border-left-width: 1px !important;padding-top: 10px !important;padding-right: 10px !important;padding-bottom: 10px !important;padding-left: 10px !important;border-left-color: #9e9e9e !important;border-left-style: solid !important;border-right-color: #9e9e9e !important;border-right-style: solid !important;border-top-color: #9e9e9e !important;border-top-style: solid !important;border-bottom-color: #9e9e9e !important;border-bottom-style: solid !important;}&#8221; link=&#8221;https:\/\/www.genoser.com\/wp-content\/uploads\/2023\/06\/references-catalog-1.pdf&#8221;][\/vc_column][vc_column width=&#8221;1\/4&#8243;][\/vc_column][\/vc_row][vc_row css=&#8221;.vc_custom_1686260865627{margin-top: 35px !important;margin-bottom: 70px !important;}&#8221;][vc_column width=&#8221;1\/4&#8243;][\/vc_column][vc_column width=&#8221;1\/4&#8243;][vc_single_image image=&#8221;2673&#8243; img_size=&#8221;full&#8221; onclick=&#8221;custom_link&#8221; img_link_target=&#8221;_blank&#8221; css=&#8221;.vc_custom_1686261032110{border-top-width: 1px !important;border-right-width: 1px !important;border-bottom-width: 1px !important;border-left-width: 1px !important;padding-top: 10px !important;padding-right: 10px !important;padding-bottom: 10px !important;padding-left: 10px !important;border-left-color: #9e9e9e !important;border-left-style: solid !important;border-right-color: #9e9e9e !important;border-right-style: solid !important;border-top-color: #9e9e9e !important;border-top-style: solid !important;border-bottom-color: #9e9e9e !important;border-bottom-style: solid !important;}&#8221; link=&#8221;https:\/\/www.genoser.com\/wp-content\/uploads\/2023\/06\/res-catalog.pdf&#8221;][\/vc_column][vc_column width=&#8221;1\/4&#8243;][vc_single_image image=&#8221;2675&#8243; img_size=&#8221;full&#8221; onclick=&#8221;custom_link&#8221; img_link_target=&#8221;_blank&#8221; css=&#8221;.vc_custom_1686261045607{border-top-width: 1px !important;border-right-width: 1px !important;border-bottom-width: 1px !important;border-left-width: 1px !important;padding-top: 10px !important;padding-right: 10px !important;padding-bottom: 10px !important;padding-left: 10px !important;border-left-color: #9e9e9e !important;border-left-style: solid !important;border-right-color: #9e9e9e !important;border-right-style: solid !important;border-top-color: #9e9e9e !important;border-top-style: solid !important;border-bottom-color: #9e9e9e !important;border-bottom-style: solid !important;}&#8221; link=&#8221;https:\/\/www.genoser.com\/wp-content\/uploads\/2023\/06\/ges-catalog.pdf&#8221;][\/vc_column][vc_column width=&#8221;1\/4&#8243;][\/vc_column][\/vc_row]<\/p>\n<\/div>","protected":false},"excerpt":{"rendered":"<p>[vc_row][vc_column][\/vc_column][\/vc_row][vc_row css=&#8221;.vc_custom_1686260865627{margin-top: 35px !important;margin-bottom: 70px !important;}&#8221;][vc_column width=&#8221;1\/4&#8243;][\/vc_column][vc_column width=&#8221;1\/4&#8243;][vc_single_image image=&#8221;2669&#8243; img_size=&#8221;full&#8221; onclick=&#8221;custom_link&#8221; img_link_target=&#8221;_blank&#8221; css=&#8221;.vc_custom_1686261000111{border-top-width: 1px !important;border-right-width: 1px !important;border-bottom-width: 1px !important;border-left-width: 1px !important;padding-top: 10px !important;padding-right: 10px !important;padding-bottom: 10px !important;padding-left: 10px !important;border-left-color: #9e9e9e !important;border-left-style: solid !important;border-right-color: #9e9e9e !important;border-right-style: solid !important;border-top-color: #9e9e9e !important;border-top-style: solid !important;border-bottom-color: #9e9e9e !important;border-bottom-style: solid !important;}&#8221; link=&#8221;https:\/\/www.genoser.com\/wp-content\/uploads\/2023\/06\/catalog.pdf&#8221;][\/vc_column][vc_column width=&#8221;1\/4&#8243;][vc_single_image image=&#8221;2671&#8243; img_size=&#8221;full&#8221; onclick=&#8221;custom_link&#8221; img_link_target=&#8221;_blank&#8221; css=&#8221;.vc_custom_1687175415429{border-top-width: 1px !important;border-right-width: 1px&hellip;<\/p>\n","protected":false},"author":5,"featured_media":0,"parent":0,"menu_order":0,"comment_status":"closed","ping_status":"closed","template":"","meta":[],"yoast_head":"<!-- This site is optimized with the Yoast SEO plugin v20.6 - https:\/\/yoast.com\/wordpress\/plugins\/seo\/ -->\n<title>Catalog | Genoser<\/title>\n<meta name=\"description\" content=\"GENOSER ailesi olarak T\u00fcrkiye&#039;nin bir\u00e7ok farkl\u0131 \u015fehirden orta ve b\u00fcy\u00fck \u00f6l\u00e7ekli firmalara kesintisiz hizmet vermekteyiz.\" \/>\n<meta name=\"robots\" content=\"index, follow, max-snippet:-1, max-image-preview:large, max-video-preview:-1\" \/>\n<link rel=\"canonical\" href=\"https:\/\/www.genoser.com\/en\/catalog\/\" \/>\n<meta property=\"og:locale\" content=\"en_US\" \/>\n<meta property=\"og:type\" content=\"article\" \/>\n<meta property=\"og:title\" content=\"Catalog | Genoser\" \/>\n<meta property=\"og:description\" content=\"GENOSER ailesi olarak T\u00fcrkiye&#039;nin bir\u00e7ok farkl\u0131 \u015fehirden orta ve b\u00fcy\u00fck \u00f6l\u00e7ekli firmalara kesintisiz hizmet vermekteyiz.\" \/>\n<meta property=\"og:url\" content=\"https:\/\/www.genoser.com\/en\/catalog\/\" \/>\n<meta property=\"og:site_name\" content=\"Genoser\" \/>\n<meta property=\"article:modified_time\" content=\"2023-06-19T11:50:20+00:00\" \/>\n<meta name=\"twitter:card\" content=\"summary_large_image\" \/>\n<script type=\"application\/ld+json\" class=\"yoast-schema-graph\">{\"@context\":\"https:\/\/schema.org\",\"@graph\":[{\"@type\":\"WebPage\",\"@id\":\"https:\/\/www.genoser.com\/en\/catalog\/\",\"url\":\"https:\/\/www.genoser.com\/en\/catalog\/\",\"name\":\"Catalog | Genoser\",\"isPartOf\":{\"@id\":\"https:\/\/www.genoser.com\/#website\"},\"datePublished\":\"2023-06-19T11:16:48+00:00\",\"dateModified\":\"2023-06-19T11:50:20+00:00\",\"description\":\"GENOSER ailesi olarak T\u00fcrkiye'nin bir\u00e7ok farkl\u0131 \u015fehirden orta ve b\u00fcy\u00fck \u00f6l\u00e7ekli firmalara kesintisiz hizmet vermekteyiz.\",\"breadcrumb\":{\"@id\":\"https:\/\/www.genoser.com\/en\/catalog\/#breadcrumb\"},\"inLanguage\":\"en-US\",\"potentialAction\":[{\"@type\":\"ReadAction\",\"target\":[\"https:\/\/www.genoser.com\/en\/catalog\/\"]}]},{\"@type\":\"BreadcrumbList\",\"@id\":\"https:\/\/www.genoser.com\/en\/catalog\/#breadcrumb\",\"itemListElement\":[{\"@type\":\"ListItem\",\"position\":1,\"name\":\"Home\",\"item\":\"https:\/\/www.genoser.com\/en\/\"},{\"@type\":\"ListItem\",\"position\":2,\"name\":\"Catalog\"}]},{\"@type\":\"WebSite\",\"@id\":\"https:\/\/www.genoser.com\/#website\",\"url\":\"https:\/\/www.genoser.com\/\",\"name\":\"Genoser\",\"description\":\"Yap\u0131 M\u00fchendisli\u011fi\",\"potentialAction\":[{\"@type\":\"SearchAction\",\"target\":{\"@type\":\"EntryPoint\",\"urlTemplate\":\"https:\/\/www.genoser.com\/?s={search_term_string}\"},\"query-input\":\"required name=search_term_string\"}],\"inLanguage\":\"en-US\"}]}<\/script>\n<!-- \/ Yoast SEO plugin. -->","yoast_head_json":{"title":"Catalog | Genoser","description":"GENOSER ailesi olarak T\u00fcrkiye'nin bir\u00e7ok farkl\u0131 \u015fehirden orta ve b\u00fcy\u00fck \u00f6l\u00e7ekli firmalara kesintisiz hizmet vermekteyiz.","robots":{"index":"index","follow":"follow","max-snippet":"max-snippet:-1","max-image-preview":"max-image-preview:large","max-video-preview":"max-video-preview:-1"},"canonical":"https:\/\/www.genoser.com\/en\/catalog\/","og_locale":"en_US","og_type":"article","og_title":"Catalog | Genoser","og_description":"GENOSER ailesi olarak T\u00fcrkiye'nin bir\u00e7ok farkl\u0131 \u015fehirden orta ve b\u00fcy\u00fck \u00f6l\u00e7ekli firmalara kesintisiz hizmet vermekteyiz.","og_url":"https:\/\/www.genoser.com\/en\/catalog\/","og_site_name":"Genoser","article_modified_time":"2023-06-19T11:50:20+00:00","twitter_card":"summary_large_image","schema":{"@context":"https:\/\/schema.org","@graph":[{"@type":"WebPage","@id":"https:\/\/www.genoser.com\/en\/catalog\/","url":"https:\/\/www.genoser.com\/en\/catalog\/","name":"Catalog | Genoser","isPartOf":{"@id":"https:\/\/www.genoser.com\/#website"},"datePublished":"2023-06-19T11:16:48+00:00","dateModified":"2023-06-19T11:50:20+00:00","description":"GENOSER ailesi olarak T\u00fcrkiye'nin bir\u00e7ok farkl\u0131 \u015fehirden orta ve b\u00fcy\u00fck \u00f6l\u00e7ekli firmalara kesintisiz hizmet vermekteyiz.","breadcrumb":{"@id":"https:\/\/www.genoser.com\/en\/catalog\/#breadcrumb"},"inLanguage":"en-US","potentialAction":[{"@type":"ReadAction","target":["https:\/\/www.genoser.com\/en\/catalog\/"]}]},{"@type":"BreadcrumbList","@id":"https:\/\/www.genoser.com\/en\/catalog\/#breadcrumb","itemListElement":[{"@type":"ListItem","position":1,"name":"Home","item":"https:\/\/www.genoser.com\/en\/"},{"@type":"ListItem","position":2,"name":"Catalog"}]},{"@type":"WebSite","@id":"https:\/\/www.genoser.com\/#website","url":"https:\/\/www.genoser.com\/","name":"Genoser","description":"Yap\u0131 M\u00fchendisli\u011fi","potentialAction":[{"@type":"SearchAction","target":{"@type":"EntryPoint","urlTemplate":"https:\/\/www.genoser.com\/?s={search_term_string}"},"query-input":"required name=search_term_string"}],"inLanguage":"en-US"}]}},"_links":{"self":[{"href":"https:\/\/www.genoser.com\/en\/wp-json\/wp\/v2\/pages\/2798"}],"collection":[{"href":"https:\/\/www.genoser.com\/en\/wp-json\/wp\/v2\/pages"}],"about":[{"href":"https:\/\/www.genoser.com\/en\/wp-json\/wp\/v2\/types\/page"}],"author":[{"embeddable":true,"href":"https:\/\/www.genoser.com\/en\/wp-json\/wp\/v2\/users\/5"}],"replies":[{"embeddable":true,"href":"https:\/\/www.genoser.com\/en\/wp-json\/wp\/v2\/comments?post=2798"}],"version-history":[{"count":4,"href":"https:\/\/www.genoser.com\/en\/wp-json\/wp\/v2\/pages\/2798\/revisions"}],"predecessor-version":[{"id":2876,"href":"https:\/\/www.genoser.com\/en\/wp-json\/wp\/v2\/pages\/2798\/revisions\/2876"}],"wp:attachment":[{"href":"https:\/\/www.genoser.com\/en\/wp-json\/wp\/v2\/media?parent=2798"}],"curies":[{"name":"wp","href":"https:\/\/api.w.org\/{rel}","templated":true}]}}